{"id":15,"date":"2016-04-18T12:55:33","date_gmt":"2016-04-18T11:55:33","guid":{"rendered":"http:\/\/jvsurlenet.fr\/?page_id=15"},"modified":"2019-04-19T17:52:16","modified_gmt":"2019-04-19T16:52:16","slug":"qui-sommes-nous","status":"publish","type":"page","link":"https:\/\/jvsurlenet.fr\/index.php\/qui-sommes-nous\/","title":{"rendered":"Qui sommes nous ?"},"content":{"rendered":"<p><img loading=\"lazy\" decoding=\"async\" class=\" wp-image-124 alignright\" src=\"http:\/\/jvsurlenet.fr\/wp-content\/uploads\/2016\/06\/JV_noir_transp-300x300.png\" alt=\"J&amp;V_noir_transp\" width=\"203\" height=\"203\" srcset=\"https:\/\/jvsurlenet.fr\/wp-content\/uploads\/2016\/06\/JV_noir_transp-300x300.png 300w, https:\/\/jvsurlenet.fr\/wp-content\/uploads\/2016\/06\/JV_noir_transp-150x150.png 150w, https:\/\/jvsurlenet.fr\/wp-content\/uploads\/2016\/06\/JV_noir_transp-768x768.png 768w, https:\/\/jvsurlenet.fr\/wp-content\/uploads\/2016\/06\/JV_noir_transp-1024x1024.png 1024w, https:\/\/jvsurlenet.fr\/wp-content\/uploads\/2016\/06\/JV_noir_transp-600x600.png 600w, https:\/\/jvsurlenet.fr\/wp-content\/uploads\/2016\/06\/JV_noir_transp-480x480.png 480w, https:\/\/jvsurlenet.fr\/wp-content\/uploads\/2016\/06\/JV_noir_transp-250x250.png 250w\" sizes=\"auto, (max-width: 203px) 100vw, 203px\" \/><strong>Le duo &#8220;J&amp;V&#8221;<br \/>\n<\/strong><\/p>\n<p>J&amp;V : deux guitares et une voix qui revisitent les grands standards du blues et s\u2019en inspirent pour des compos aux sonorit\u00e9s plus personnelles. John &amp; \u2018Vic fondent le J&amp;V en 2015 et depuis, beaucoup de plaisir au compteur \u00e0 jouer et partager leur blues en mode agile et intimiste sur les sc\u00e8nes de la r\u00e9gion lyonnaise.<\/p>\n<p>Entre <strong>J<\/strong>ohn, au chant avec sa fid\u00e8le Martin, et \u2018<strong>V<\/strong>ic, \u00e0 la guitare \u00e9lectrique et acoustique, c&#8217;est une vielle histoire\u2026 Tout commence au si\u00e8cle dernier (!) : John, prof d\u2019anglais, et \u2018Vic, \u00e9tudiant, se lient d\u2019amiti\u00e9 et se produisent en concert sur leur campus et ailleurs &#8211; blues d\u00e9j\u00e0, mais aussi rock et folk. Bien des ann\u00e9es plus tard, leurs chemins se croisent \u00e0 nouveau : plus de prof, plus d\u2019\u00e9l\u00e8ve, juste deux musiciens avec une envie intacte de jouer du blues, et de partager ce plaisir communicatif avec un nouveau public\u00a0!<\/p>\n<p><strong>&#8220;J&amp;V \u00e0 4&#8221;, quartet blues<\/strong><\/p>\n<p>J&amp;V \u00e0 4, c\u2019est le duo blues J&amp;V, boost\u00e9 d\u2019une rythmique basse-batterie efficace et complice. Avec Marc et Vincent, J&amp;V \u00e0 4, c\u2019est deux fois mieux\u00a0! Cette formule quartet revigorante vise \u00e0 aborder, et s\u00e9duire, d\u2019autres types de sc\u00e8ne et de public que notre approche en duo (festivals en plein-air, tremplins&#8230;)<\/p>\n<p><strong>Et dans tous les cas&#8230;<\/strong><\/p>\n<p>Par les douze mesures d\u2019un standard, via un blues-rock endiabl\u00e9, ou au travers de compos aux sonorit\u00e9s plus personnelles, partager avec le public est le carburant essentiel de nos prestations. Rien ne nous fait plus plaisir que d\u2019entendre \u00ab\u00a0Un concert de J&amp;V, j\u2019y vais\u00a0! \u00bb. Et nous donnons tout, jeux de mots inclus, pour leur donner raison\u00a0!&#8230; Venez vite faire notre connaissance (cf. la page d\u00e9di\u00e9e aux dates des <a href=\"http:\/\/jvsurlenet.fr\/index.php\/concerts\/\">prochains concerts<\/a>).<\/p>\n","protected":false},"excerpt":{"rendered":"<p>Le duo &#8220;J&amp;V&#8221; J&amp;V : deux guitares et une voix qui revisitent les grands standards du blues et s\u2019en inspirent pour des compos aux sonorit\u00e9s plus personnelles. John &amp; \u2018Vic fondent le J&amp;V en 2015 et depuis, beaucoup de plaisir au compteur \u00e0 jouer et partager leur blues en mode agile et intimiste sur les&hellip;<a href=\"https:\/\/jvsurlenet.fr\/index.php\/qui-sommes-nous\/\" class=\"button\">Read more <span class=\"screen-reader-text\">Qui sommes nous ?<\/span><\/a><\/p>\n","protected":false},"author":1,"featured_media":0,"parent":0,"menu_order":0,"comment_status":"closed","ping_status":"closed","template":"","meta":{"footnotes":""},"class_list":["post-15","page","type-page","status-publish","hentry"],"_links":{"self":[{"href":"https:\/\/jvsurlenet.fr\/index.php\/wp-json\/wp\/v2\/pages\/15","targetHints":{"allow":["GET"]}}],"collection":[{"href":"https:\/\/jvsurlenet.fr\/index.php\/wp-json\/wp\/v2\/pages"}],"about":[{"href":"https:\/\/jvsurlenet.fr\/index.php\/wp-json\/wp\/v2\/types\/page"}],"author":[{"embeddable":true,"href":"https:\/\/jvsurlenet.fr\/index.php\/wp-json\/wp\/v2\/users\/1"}],"replies":[{"embeddable":true,"href":"https:\/\/jvsurlenet.fr\/index.php\/wp-json\/wp\/v2\/comments?post=15"}],"version-history":[{"count":10,"href":"https:\/\/jvsurlenet.fr\/index.php\/wp-json\/wp\/v2\/pages\/15\/revisions"}],"predecessor-version":[{"id":294,"href":"https:\/\/jvsurlenet.fr\/index.php\/wp-json\/wp\/v2\/pages\/15\/revisions\/294"}],"wp:attachment":[{"href":"https:\/\/jvsurlenet.fr\/index.php\/wp-json\/wp\/v2\/media?parent=15"}],"curies":[{"name":"wp","href":"https:\/\/api.w.org\/{rel}","templated":true}]}}