{"id":19,"date":"2016-04-18T13:06:10","date_gmt":"2016-04-18T12:06:10","guid":{"rendered":"http:\/\/jvsurlenet.fr\/?page_id=19"},"modified":"2019-05-26T17:49:06","modified_gmt":"2019-05-26T16:49:06","slug":"liens","status":"publish","type":"page","link":"https:\/\/jvsurlenet.fr\/index.php\/liens\/","title":{"rendered":"Liens"},"content":{"rendered":"<p>Voici quelques liens en vrac (sans aucun soucis d&#8217;exhaustivit\u00e9 !) pour le plaisir de relayer l&#8217;info&#8230; Apr\u00e8s tout, Internet est fait pour \u00e7a !<\/p>\n<p>&nbsp;<\/p>\n<p><strong>M\u00e9dias et communaut\u00e9 blues<\/strong><\/p>\n<p>L&#8217;association <a href=\"http:\/\/www.franceblues.com\">France Blues<\/a> (dont nous sommes membre)<\/p>\n<p>Le site <a href=\"http:\/\/www.agendadublues.com\/\">Agenda du Blues<\/a><\/p>\n<p>Le site de chroniques CD, concerts, interviews <a href=\"http:\/\/www.zicazic.com\">Zicazic<\/a><\/p>\n<p>Le site du magazine <a href=\"https:\/\/www.bluesmagazine.net\">Blues Magazine<\/a><\/p>\n<p>Les \u00e9missions blues de Radio Calade : <a href=\"http:\/\/www.radio-calade.fr\/site\/spip.php?rubrique62\">BBQueens<\/a> et <a href=\"http:\/\/www.radio-calade.fr\/site\/spip.php?rubrique70\">BBCouinie Solo &amp;Co<\/a><\/p>\n<p>Le photographe <a href=\"http:\/\/jlbfotos.com\">Jean-Luc Bouchier<\/a><\/p>\n<p>Le site du magazine <a href=\"http:\/\/www.blues-n-co.org\/\">Blues &amp; Co <\/a><\/p>\n<p>Le magazine <a href=\"https:\/\/www.soulbag.fr\">Soul Bag<\/a><\/p>\n<p>Le fanzine <a href=\"http:\/\/bluesalive76.blogspot.com\/\">Blues Alive 76<\/a><\/p>\n<p>Le magazine <a href=\"http:\/\/www.absmag.fr\/\">ABS<\/a><\/p>\n<p>Les blog &#8220;g\u00e9n\u00e9ralistes&#8221; <a href=\"http:\/\/ledeblocnot.blogspot.com\">Deblocnote<\/a> et <a href=\"http:\/\/nawakposse.com\/\">Nawak Posse<\/a>, mais qui ont tous deux des rubriques (et fans) de &#8220;blues&#8221;<\/p>\n<p><strong>Quelques copains bluesmen (ou woman !) de la r\u00e9gion<\/strong> (allez les \u00e9couter et les applaudir, ils en valent la peine)<\/p>\n<p><a href=\"http:\/\/daddymt.wix.com\/home\">Daddy M.T.<\/a><\/p>\n<p><a href=\"https:\/\/www.facebook.com\/nandosnashvilleblues\">N&#8217;ando And&#8217;O Blues<\/a><\/p>\n<p><a href=\"https:\/\/www.facebook.com\/Chris-Feeling-Bluesband-334539466754172\/\">Chris Feeling Blues Band<\/a><\/p>\n<p><a href=\"https:\/\/www.facebook.com\/sophie.malbec.9\">Sophie Malbec<\/a><\/p>\n<p>&nbsp;<\/p>\n<p><strong>Matos<\/strong><\/p>\n<p>Un excellent luthier sur Lyon : <a href=\"http:\/\/paroiron.free.fr\/index.html\">P.A. Roiron<\/a><\/p>\n<p>Un technicien ampli passionn\u00e9 de la r\u00e9gion : <a href=\"http:\/\/www.castlemadeofsound.com\/\">Castle Made of Sound<\/a><\/p>\n<p>Le <a href=\"http:\/\/www.pacair.com\/mmamps\/\">site de r\u00e9f\u00e9rence<\/a> des amplis Music Man (vintage). Dommage que l&#8217;\u00e9quivalent n&#8217;existe pas pour les guitares&#8230;<\/p>\n","protected":false},"excerpt":{"rendered":"<p>Voici quelques liens en vrac (sans aucun soucis d&#8217;exhaustivit\u00e9 !) pour le plaisir de relayer l&#8217;info&#8230; Apr\u00e8s tout, Internet est fait pour \u00e7a ! &nbsp; M\u00e9dias et communaut\u00e9 blues L&#8217;association France Blues (dont nous sommes membre) Le site Agenda du Blues Le site de chroniques CD, concerts, interviews Zicazic Le site du magazine Blues Magazine&hellip;<a href=\"https:\/\/jvsurlenet.fr\/index.php\/liens\/\" class=\"button\">Read more <span class=\"screen-reader-text\">Liens<\/span><\/a><\/p>\n","protected":false},"author":1,"featured_media":0,"parent":0,"menu_order":0,"comment_status":"closed","ping_status":"closed","template":"","meta":{"footnotes":""},"class_list":["post-19","page","type-page","status-publish","hentry"],"_links":{"self":[{"href":"https:\/\/jvsurlenet.fr\/index.php\/wp-json\/wp\/v2\/pages\/19","targetHints":{"allow":["GET"]}}],"collection":[{"href":"https:\/\/jvsurlenet.fr\/index.php\/wp-json\/wp\/v2\/pages"}],"about":[{"href":"https:\/\/jvsurlenet.fr\/index.php\/wp-json\/wp\/v2\/types\/page"}],"author":[{"embeddable":true,"href":"https:\/\/jvsurlenet.fr\/index.php\/wp-json\/wp\/v2\/users\/1"}],"replies":[{"embeddable":true,"href":"https:\/\/jvsurlenet.fr\/index.php\/wp-json\/wp\/v2\/comments?post=19"}],"version-history":[{"count":11,"href":"https:\/\/jvsurlenet.fr\/index.php\/wp-json\/wp\/v2\/pages\/19\/revisions"}],"predecessor-version":[{"id":310,"href":"https:\/\/jvsurlenet.fr\/index.php\/wp-json\/wp\/v2\/pages\/19\/revisions\/310"}],"wp:attachment":[{"href":"https:\/\/jvsurlenet.fr\/index.php\/wp-json\/wp\/v2\/media?parent=19"}],"curies":[{"name":"wp","href":"https:\/\/api.w.org\/{rel}","templated":true}]}}