{"id":21,"date":"2016-04-18T13:09:05","date_gmt":"2016-04-18T12:09:05","guid":{"rendered":"http:\/\/jvsurlenet.fr\/?page_id=21"},"modified":"2020-06-07T09:31:50","modified_gmt":"2020-06-07T08:31:50","slug":"musique-videos","status":"publish","type":"page","link":"https:\/\/jvsurlenet.fr\/index.php\/musique-videos\/","title":{"rendered":"Musique"},"content":{"rendered":"<p><strong>Notre LP &#8220;Stairway to Nowhere&#8221; <\/strong>(sorti le 22\/03\/2019)<strong><br \/>\n<\/strong><\/p>\n<p><img loading=\"lazy\" decoding=\"async\" class=\"alignnone wp-image-265\" src=\"http:\/\/jvsurlenet.fr\/wp-content\/uploads\/2016\/04\/Pochette-JV_v4_avant.jpg\" alt=\"\" width=\"299\" height=\"292\" srcset=\"https:\/\/jvsurlenet.fr\/wp-content\/uploads\/2016\/04\/Pochette-JV_v4_avant.jpg 640w, https:\/\/jvsurlenet.fr\/wp-content\/uploads\/2016\/04\/Pochette-JV_v4_avant-300x293.jpg 300w, https:\/\/jvsurlenet.fr\/wp-content\/uploads\/2016\/04\/Pochette-JV_v4_avant-600x586.jpg 600w, https:\/\/jvsurlenet.fr\/wp-content\/uploads\/2016\/04\/Pochette-JV_v4_avant-256x250.jpg 256w\" sizes=\"auto, (max-width: 299px) 100vw, 299px\" \/><\/p>\n<p><em>Ils en parlent mieux que nous&#8230; (mise \u00e0 jour 7\/06\/2020)<\/em><\/p>\n<ul>\n<li>\u00ab un folk-blues \u00e9l\u00e9gant tr\u00e8s actuel mais qui plonge subtilement et profond\u00e9ment dans la tradition \u00bb (&#8230;) \u00ab l&#8217;interpr\u00e9tation est pleine de finesse et de sensibilit\u00e9. La vivacit\u00e9 de l&#8217;ensemble donne \u00e0 la fois une impression de libert\u00e9 et de parfaite ma\u00eetrise. Beau travail. \u00bb (Blues Again juin 2020 ; toute la chronique de Gille Blampain <a href=\"http:\/\/www.bluesagain.com\/p_selection\/selection%200620.html\">l\u00e0<\/a> ; une interview disponible <a href=\"http:\/\/www.bluesagain.com\/p_interviews\/j%20&amp;%20v.html\">ici<\/a>)<\/li>\n<li>\u00ab v\u00e9ritable plaidoyer pour le blues en g\u00e9n\u00e9ral et pour la guitare blues en particulier \u00bb<br \/>\n\u00ab un m\u00e9lange de ferveur et de sensibilit\u00e9 \u00bb (Zicazic ; toute la chronique\u00a0 par Fred Delforge <a href=\"http:\/\/www.zicazic.com\/zicazine\/index.php?option=content&amp;task=view&amp;id=15421&amp;fbclid=IwAR3LRLfgszM6h3C92hunoCVsXsIaCyBuX2D00b1dn4hSjy89Ks_7tbCLx6Y\">l\u00e0<\/a>)<\/li>\n<li>\u00ab les deux guitaristes J&amp;V nous r\u00e9galent par l\u2019originalit\u00e9 des compos tout en restant extr\u00eamement fid\u00e8les aux racines du Blues \u00bb (Parismove ; l&#8217;int\u00e9gralit\u00e9 de la chronique de Alain Hiot <a href=\"https:\/\/www.paris-move.com\/reviews\/j-and-v-stairway-to-nowhere\/\">l\u00e0<\/a>)<\/li>\n<li>\u00ab un blues \u00e9l\u00e9gant et rac\u00e9 servi par des guitares subtiles et par la voix pleine de v\u00e9cu de John \u00bb (Le Deblocnote ; la chronique, et une interview par Rockin JL <a href=\"http:\/\/ledeblocnot.blogspot.com\/2019\/05\/j-stairway-to-nowhere-ep-6-titres-2019.html\">l\u00e0<\/a>)<\/li>\n<li>\u00ab la combinaison guitares acoustique et \u00e9lectrique fonctionne \u00e0 merveille\u00a0 [\u2026] \u00bb (Jazz Rhone-Alpes, \u00e0 l&#8217;occasion de la release party du LP ; toute la chronique de D. Martinez <a href=\"https:\/\/www.jazz-rhone-alpes.com\/190322-jv-au-jazz-club-saint-georges\/\">ici<\/a>)<\/li>\n<li>\u00ab\u00a0un blues sachant se tenir, tout en d\u00e9voilant une facette qui s&#8217;encanaille \u00bb\u00a0 (Nawak Posse ; toute la chronique de Blytche <a href=\"http:\/\/nawakposse.com\/kroniks\/jv.html\">ici<\/a>)<\/li>\n<li>\u00ab\u00a0fid\u00e8le \u00e0 l\u2019esprit du Blues avec un accord parfait de la guitare acoustique avec la guitare \u00e9lectrique \u00bb (ABS Magazine n\u00b066 ; toute la chronique en fin de page <a href=\"http:\/\/www.absmag.fr\/chroniques-66\/\">l\u00e0<\/a>)<\/li>\n<li>\u00ab\u00a0Tre\u0300s belle surprise de l\u2019anne\u0301e (&#8230;) compositions tre\u0300s bien re\u0301alise\u0301es, a\u0300 la fois modernes et sur les bases solides des blues traditionnels (&#8230;) les guitares e\u0301lectriques et acoustiques ne souffrent d\u2019aucune critique ; c\u2019est nickel \u00bb (Blues Alive 76, n\u00b036&#8230; avec un tr\u00e8s bel interview de 5 pages et une chronique disponibles <a href=\"http:\/\/shc666.pagesperso-orange.fr\/PICTS\/REVUES\/BLUESALIVE76-36.pdf\">l\u00e0<\/a>)<\/li>\n<li>\u00ab L\u2019accroche est imm\u00e9diate [\u2026] superbe, m\u00e9lodieux au possible. Que ce soient les tunes acoustiques, les \u00e9lectriques y a rien \u00e0 jeter, c\u2019est du cousu main \u00bb (Blues &amp; Co n\u00b090 ; magazine en version papier uniquement&#8230; \u00e0 commander <a href=\"http:\/\/www.blues-n-co.org\/\">l\u00e0<\/a> ou <a href=\"https:\/\/www.facebook.com\/autrementblues\/\">l\u00e0<\/a>)<\/li>\n<li><\/li>\n<\/ul>\n<p><em>Distribution<\/em><\/p>\n<p>Sorti le 22\/03\/2019, il est disponible sur toutes les plateformes de diffusion en ligne de musique (Deezer, Spotify, Google Music, iTunes, Youtube&#8230;).\u00a0 Le CD est en vente par correspondance (8 euros, frais de port inclus &#8211; contact par mail), et lors de nos concerts.<\/p>\n<p>Ci-dessous, une playlist YouTube avec les 6 titres de l&#8217;EP.<\/p>\n<iframe loading=\"lazy\"  id=\"_ytid_19187\"  width=\"662\" height=\"372\"  data-origwidth=\"662\" data-origheight=\"372\"  data-relstop=\"1\" src=\"https:\/\/www.youtube.com\/embed\/?enablejsapi=1&listType=playlist&list=OLAK5uy_k1nrxER960h9wDA3sUQ0W_nXyt2CWwIfU&autoplay=0&cc_load_policy=0&cc_lang_pref=&iv_load_policy=1&loop=0&rel=0&fs=1&playsinline=0&autohide=2&theme=dark&color=red&controls=1&disablekb=0&\" class=\"__youtube_prefs__  no-lazyload\" title=\"YouTube player\"  allow=\"fullscreen; accelerometer; autoplay; clipboard-write; encrypted-media; gyroscope; picture-in-picture; web-share\" referrerpolicy=\"strict-origin-when-cross-origin\" allowfullscreen data-no-lazy=\"1\" data-skipgform_ajax_framebjll=\"\"><\/iframe>\n<p>Pour Deezer, c&#8217;est en <a href=\"https:\/\/www.deezer.com\/en\/album\/90959022\">cliquant l\u00e0,<\/a> pour Spotify, c&#8217;est par <a href=\"https:\/\/open.spotify.com\/search\/albums\/j%26v%20stairway\">ici,<\/a> etc.<\/p>\n<p><em>Contenu et cr\u00e9dits<\/em><\/p>\n<p>1. Hell-Bound Train\u00a0\u00a0\u00a0\u00a0\u00a0\u00a0\u00a0\u00a0\u00a0\u00a0 3:10<br \/>\n2. Stairway to Nowhere\u00a0 3:55<br \/>\n3. Not the Money Honey 3:10<br \/>\n4. Crystal Ball Blues\u00a0\u00a0\u00a0\u00a0\u00a0\u00a0\u00a0\u00a0\u00a0 2:52<br \/>\n5. Hit the Highway\u00a0\u00a0\u00a0\u00a0\u00a0\u00a0\u00a0\u00a0\u00a0\u00a0 3:32<br \/>\n6. Going Down\u00a0\u00a0\u00a0\u00a0\u00a0\u00a0\u00a0\u00a0\u00a0\u00a0\u00a0\u00a0\u00a0\u00a0\u00a0\u00a0 3:07<\/p>\n<p>Vocal and acoustic guitar: John Hughes<br \/>\nElectric and acoustic guitars: \u2018Vic Peters<br \/>\nBass: Marc M\u00e9zailles<br \/>\nDrums: Vincent Berne<\/p>\n<p>Lyrics and music by J&amp;V (John&amp;Vic)<br \/>\nRecording and mix: Robin Winckler<br \/>\nMastering: St\u00e9phane Defez<br \/>\nArtwork: H\u00e9l\u00e8ne Berly<\/p>\n<p>Recorded in December 2018 at La Station MIR<\/p>\n<p><strong>Quelques titres en duo sur SoundCloud<\/strong> (reprises libres de droits)<\/p>\n<p>Ces titres ont \u00e9t\u00e9 enregistr\u00e9s lors d&#8217;une session au Studio Anatole d\u00e9but 2016. Nos remerciements vont \u00e0 l&#8217;\u00e9quipe du studio pour leur aide, leurs conseils et pour le travail de mix effectu\u00e9.<\/p>\n<p><iframe loading=\"lazy\" title=\"J&amp;V\" width=\"662\" height=\"450\" scrolling=\"no\" frameborder=\"no\" src=\"https:\/\/w.soundcloud.com\/player\/?visual=true&#038;url=https%3A%2F%2Fapi.soundcloud.com%2Fusers%2F217242736&#038;show_artwork=true&#038;maxheight=993&#038;maxwidth=662\"><\/iframe><\/p>\n<p><strong>Vid\u00e9os<br \/>\n<\/strong><\/p>\n<p>En chantier&#8230;<\/p>\n","protected":false},"excerpt":{"rendered":"<p>Notre LP &#8220;Stairway to Nowhere&#8221; (sorti le 22\/03\/2019) Ils en parlent mieux que nous&#8230; (mise \u00e0 jour 7\/06\/2020) \u00ab un folk-blues \u00e9l\u00e9gant tr\u00e8s actuel mais qui plonge subtilement et profond\u00e9ment dans la tradition \u00bb (&#8230;) \u00ab l&#8217;interpr\u00e9tation est pleine de finesse et de sensibilit\u00e9. La vivacit\u00e9 de l&#8217;ensemble donne \u00e0 la fois une impression de&hellip;<a href=\"https:\/\/jvsurlenet.fr\/index.php\/musique-videos\/\" class=\"button\">Read more <span class=\"screen-reader-text\">Musique<\/span><\/a><\/p>\n","protected":false},"author":1,"featured_media":0,"parent":0,"menu_order":0,"comment_status":"closed","ping_status":"closed","template":"","meta":{"footnotes":""},"class_list":["post-21","page","type-page","status-publish","hentry"],"_links":{"self":[{"href":"https:\/\/jvsurlenet.fr\/index.php\/wp-json\/wp\/v2\/pages\/21","targetHints":{"allow":["GET"]}}],"collection":[{"href":"https:\/\/jvsurlenet.fr\/index.php\/wp-json\/wp\/v2\/pages"}],"about":[{"href":"https:\/\/jvsurlenet.fr\/index.php\/wp-json\/wp\/v2\/types\/page"}],"author":[{"embeddable":true,"href":"https:\/\/jvsurlenet.fr\/index.php\/wp-json\/wp\/v2\/users\/1"}],"replies":[{"embeddable":true,"href":"https:\/\/jvsurlenet.fr\/index.php\/wp-json\/wp\/v2\/comments?post=21"}],"version-history":[{"count":24,"href":"https:\/\/jvsurlenet.fr\/index.php\/wp-json\/wp\/v2\/pages\/21\/revisions"}],"predecessor-version":[{"id":346,"href":"https:\/\/jvsurlenet.fr\/index.php\/wp-json\/wp\/v2\/pages\/21\/revisions\/346"}],"wp:attachment":[{"href":"https:\/\/jvsurlenet.fr\/index.php\/wp-json\/wp\/v2\/media?parent=21"}],"curies":[{"name":"wp","href":"https:\/\/api.w.org\/{rel}","templated":true}]}}