{"id":24,"date":"2016-04-18T13:11:28","date_gmt":"2016-04-18T12:11:28","guid":{"rendered":"http:\/\/jvsurlenet.fr\/?page_id=24"},"modified":"2016-06-18T14:28:50","modified_gmt":"2016-06-18T13:28:50","slug":"contact","status":"publish","type":"page","link":"https:\/\/jvsurlenet.fr\/index.php\/contact\/","title":{"rendered":"Contacts"},"content":{"rendered":"<ul>\n<li>Si vous souhaitez \u00eatre tenu inform\u00e9 de nouvelles dates de concert, ou de mises \u00e0 jour des informations associ\u00e9es, vous pouvez nous laisser votre adresse email :<\/li>\n<\/ul>\n<div class=\"widget_wysija_cont shortcode_wysija\"><div id=\"msg-form-wysija-shortcode69f2a75cd1121-1\" class=\"wysija-msg ajax\"><\/div><form id=\"form-wysija-shortcode69f2a75cd1121-1\" method=\"post\" action=\"#wysija\" class=\"widget_wysija shortcode_wysija\">\n<p class=\"wysija-paragraph\">\n    <label>E-mail <span class=\"wysija-required\">*<\/span><\/label>\n    \n    \t<input type=\"text\" name=\"wysija[user][email]\" class=\"wysija-input validate[required,custom[email]]\" title=\"E-mail\"  value=\"\" \/>\n    \n    \n    \n    <span class=\"abs-req\">\n        <input type=\"text\" name=\"wysija[user][abs][email]\" class=\"wysija-input validated[abs][email]\" value=\"\" \/>\n    <\/span>\n    \n<\/p>\n\r\n<input class=\"wysija-submit wysija-submit-field\" type=\"submit\" value=\"Je m&#039;inscris\" \/>\n\n    <input type=\"hidden\" name=\"form_id\" value=\"1\" \/>\n    <input type=\"hidden\" name=\"action\" value=\"save\" \/>\n    <input type=\"hidden\" name=\"controller\" value=\"subscribers\" \/>\n    <input type=\"hidden\" value=\"1\" name=\"wysija-page\" \/>\n\n    \n        <input type=\"hidden\" name=\"wysija[user_list][list_ids]\" value=\"3\" \/>\n    \n <\/form><\/div>\n<p>&nbsp;<\/p>\n<ul>\n<li>Pour tout autre aspect, vous pouvez nous contacter par email :<\/li>\n<\/ul>\n<p><img loading=\"lazy\" decoding=\"async\" class=\"wp-image-52 alignnone\" src=\"http:\/\/jvsurlenet.fr\/wp-content\/uploads\/2016\/04\/contact-300x41.png\" alt=\"contact\" width=\"162\" height=\"22\" srcset=\"https:\/\/jvsurlenet.fr\/wp-content\/uploads\/2016\/04\/contact-300x41.png 300w, https:\/\/jvsurlenet.fr\/wp-content\/uploads\/2016\/04\/contact.png 424w\" sizes=\"auto, (max-width: 162px) 100vw, 162px\" \/><\/p>\n<p>&nbsp;<\/p>\n<ul>\n<li>Enfin, pour les aficionados de Facebook, suivez notre actualit\u00e9 sur&#8230;<\/li>\n<\/ul>\n<p>&#8211; notre page Facebook\u00a0 : <a href=\"https:\/\/www.facebook.com\/jvsouvent\">https:\/\/www.facebook.com\/jvsouvent<\/a><\/p>\n<p>&#8211; la page de Vic Peters (aka Ludovic Tadeas Price-McBee) : <a href=\"https:\/\/www.facebook.com\/people\/Ludovic-Tadeas-Price-McBee\/\">https:\/\/www.facebook.com\/people\/Ludovic-Tadeas-Price-McBee\/<\/a><\/p>\n<p><img loading=\"lazy\" decoding=\"async\" class=\" wp-image-124 aligncenter\" src=\"http:\/\/jvsurlenet.fr\/wp-content\/uploads\/2016\/06\/JV_noir_transp-300x300.png\" alt=\"J&amp;V_noir_transp\" width=\"120\" height=\"120\" srcset=\"https:\/\/jvsurlenet.fr\/wp-content\/uploads\/2016\/06\/JV_noir_transp-300x300.png 300w, https:\/\/jvsurlenet.fr\/wp-content\/uploads\/2016\/06\/JV_noir_transp-150x150.png 150w, https:\/\/jvsurlenet.fr\/wp-content\/uploads\/2016\/06\/JV_noir_transp-768x768.png 768w, https:\/\/jvsurlenet.fr\/wp-content\/uploads\/2016\/06\/JV_noir_transp-1024x1024.png 1024w, https:\/\/jvsurlenet.fr\/wp-content\/uploads\/2016\/06\/JV_noir_transp-600x600.png 600w, https:\/\/jvsurlenet.fr\/wp-content\/uploads\/2016\/06\/JV_noir_transp-480x480.png 480w, https:\/\/jvsurlenet.fr\/wp-content\/uploads\/2016\/06\/JV_noir_transp-250x250.png 250w\" sizes=\"auto, (max-width: 120px) 100vw, 120px\" \/><\/p>\n","protected":false},"excerpt":{"rendered":"<p>Si vous souhaitez \u00eatre tenu inform\u00e9 de nouvelles dates de concert, ou de mises \u00e0 jour des informations associ\u00e9es, vous pouvez nous laisser votre adresse email : &nbsp; Pour tout autre aspect, vous pouvez nous contacter par email : &nbsp; Enfin, pour les aficionados de Facebook, suivez notre actualit\u00e9 sur&#8230; &#8211; notre page Facebook\u00a0 :&hellip;<a href=\"https:\/\/jvsurlenet.fr\/index.php\/contact\/\" class=\"button\">Read more <span class=\"screen-reader-text\">Contacts<\/span><\/a><\/p>\n","protected":false},"author":1,"featured_media":0,"parent":0,"menu_order":0,"comment_status":"closed","ping_status":"closed","template":"","meta":{"footnotes":""},"class_list":["post-24","page","type-page","status-publish","hentry"],"_links":{"self":[{"href":"https:\/\/jvsurlenet.fr\/index.php\/wp-json\/wp\/v2\/pages\/24","targetHints":{"allow":["GET"]}}],"collection":[{"href":"https:\/\/jvsurlenet.fr\/index.php\/wp-json\/wp\/v2\/pages"}],"about":[{"href":"https:\/\/jvsurlenet.fr\/index.php\/wp-json\/wp\/v2\/types\/page"}],"author":[{"embeddable":true,"href":"https:\/\/jvsurlenet.fr\/index.php\/wp-json\/wp\/v2\/users\/1"}],"replies":[{"embeddable":true,"href":"https:\/\/jvsurlenet.fr\/index.php\/wp-json\/wp\/v2\/comments?post=24"}],"version-history":[{"count":12,"href":"https:\/\/jvsurlenet.fr\/index.php\/wp-json\/wp\/v2\/pages\/24\/revisions"}],"predecessor-version":[{"id":130,"href":"https:\/\/jvsurlenet.fr\/index.php\/wp-json\/wp\/v2\/pages\/24\/revisions\/130"}],"wp:attachment":[{"href":"https:\/\/jvsurlenet.fr\/index.php\/wp-json\/wp\/v2\/media?parent=24"}],"curies":[{"name":"wp","href":"https:\/\/api.w.org\/{rel}","templated":true}]}}